{"id":10,"date":"2020-04-15T06:21:00","date_gmt":"2020-04-15T04:21:00","guid":{"rendered":"https:\/\/demo.themeisle.com\/neve-rokophoto\/?page_id=10"},"modified":"2020-04-15T19:43:13","modified_gmt":"2020-04-15T17:43:13","slug":"contact","status":"publish","type":"page","link":"https:\/\/jeromebarets.fr\/index.php\/contact\/","title":{"rendered":"Contact"},"content":{"rendered":"<h1>Contact<\/h1>\n<p>Vous pouvez m&rsquo;envoyer vos id\u00e9es<\/p>\n<h2>Envoyez moi un message \/ Send me a message!<\/h2>\n<p>J&rsquo;habite en r\u00e9gion parisienne depuis toujours. Je me suis lanc\u00e9 dans la photo num\u00e9rique en 2009. Je d\u00e9velopperai cette page si besoins.<\/p>\n<ul>\n<li>\n\t\t\t\t\t\t\t\t\t\tParis<\/li>\n<\/ul>\n<h3>Press &#8211; pas de flash<\/h3>\n<ul>\n<li>\n\t\t\t\t\t\t\t\t\t\tFaire une demande par email<\/li>\n<\/ul>\n<ul>\n<li>\n\t\t\t\t\t\t\t\t\t\tjbarets@free.fr<\/li>\n<\/ul>\n<p><img loading=\"lazy\" decoding=\"async\" width=\"960\" height=\"960\" src=\"https:\/\/jeromebarets.fr\/wp-content\/uploads\/2020\/04\/moi.jpg\" alt=\"\" srcset=\"https:\/\/jeromebarets.fr\/wp-content\/uploads\/2020\/04\/moi.jpg 960w, https:\/\/jeromebarets.fr\/wp-content\/uploads\/2020\/04\/moi-300x300.jpg 300w, https:\/\/jeromebarets.fr\/wp-content\/uploads\/2020\/04\/moi-150x150.jpg 150w, https:\/\/jeromebarets.fr\/wp-content\/uploads\/2020\/04\/moi-768x768.jpg 768w\" sizes=\"auto, (max-width: 960px) 100vw, 960px\"><\/p>\n","protected":false},"excerpt":{"rendered":"<p>Contact Vous pouvez m&rsquo;envoyer vos id\u00e9es Envoyez moi un message \/ Send me a message! J&rsquo;habite en r\u00e9gion parisienne depuis toujours. Je me suis lanc\u00e9 dans la photo num\u00e9rique en 2009. Je d\u00e9velopperai cette page si besoins. Paris Press &#8211; pas de flash Faire une demande par email jbarets@free.fr<\/p>\n","protected":false},"author":1,"featured_media":97,"parent":0,"menu_order":0,"comment_status":"closed","ping_status":"closed","template":"","meta":{"footnotes":""},"class_list":["post-10","page","type-page","status-publish","has-post-thumbnail","hentry","nodate","item-wrap"],"yoast_head":"<!-- This site is optimized with the Yoast SEO plugin v27.2 - https:\/\/yoast.com\/product\/yoast-seo-wordpress\/ -->\n<title>Contact - Site Photos<\/title>\n<meta name=\"robots\" content=\"index, follow, max-snippet:-1, max-image-preview:large, max-video-preview:-1\" \/>\n<link rel=\"canonical\" href=\"https:\/\/jeromebarets.fr\/index.php\/contact\/\" \/>\n<meta property=\"og:locale\" content=\"fr_FR\" \/>\n<meta property=\"og:type\" content=\"article\" \/>\n<meta property=\"og:title\" content=\"Contact - Site Photos\" \/>\n<meta property=\"og:description\" content=\"Contact Vous pouvez m&rsquo;envoyer vos id\u00e9es Envoyez moi un message \/ Send me a message! J&rsquo;habite en r\u00e9gion parisienne depuis toujours. Je me suis lanc\u00e9 dans la photo num\u00e9rique en 2009. Je d\u00e9velopperai cette page si besoins. Paris Press &#8211; pas de flash Faire une demande par email jbarets@free.fr\" \/>\n<meta property=\"og:url\" content=\"https:\/\/jeromebarets.fr\/index.php\/contact\/\" \/>\n<meta property=\"og:site_name\" content=\"Site Photos\" \/>\n<meta property=\"article:modified_time\" content=\"2020-04-15T17:43:13+00:00\" \/>\n<meta property=\"og:image\" content=\"https:\/\/jeromebarets.fr\/wp-content\/uploads\/2020\/04\/moi.jpg\" \/>\n\t<meta property=\"og:image:width\" content=\"960\" \/>\n\t<meta property=\"og:image:height\" content=\"960\" \/>\n\t<meta property=\"og:image:type\" content=\"image\/jpeg\" \/>\n<meta name=\"twitter:card\" content=\"summary_large_image\" \/>\n<script type=\"application\/ld+json\" class=\"yoast-schema-graph\">{\"@context\":\"https:\/\/schema.org\",\"@graph\":[{\"@type\":\"WebPage\",\"@id\":\"https:\/\/jeromebarets.fr\/index.php\/contact\/\",\"url\":\"https:\/\/jeromebarets.fr\/index.php\/contact\/\",\"name\":\"Contact - Site Photos\",\"isPartOf\":{\"@id\":\"https:\/\/jeromebarets.fr\/#website\"},\"primaryImageOfPage\":{\"@id\":\"https:\/\/jeromebarets.fr\/index.php\/contact\/#primaryimage\"},\"image\":{\"@id\":\"https:\/\/jeromebarets.fr\/index.php\/contact\/#primaryimage\"},\"thumbnailUrl\":\"https:\/\/jeromebarets.fr\/wp-content\/uploads\/2020\/04\/moi.jpg\",\"datePublished\":\"2020-04-15T04:21:00+00:00\",\"dateModified\":\"2020-04-15T17:43:13+00:00\",\"breadcrumb\":{\"@id\":\"https:\/\/jeromebarets.fr\/index.php\/contact\/#breadcrumb\"},\"inLanguage\":\"fr-FR\",\"potentialAction\":[{\"@type\":\"ReadAction\",\"target\":[\"https:\/\/jeromebarets.fr\/index.php\/contact\/\"]}]},{\"@type\":\"ImageObject\",\"inLanguage\":\"fr-FR\",\"@id\":\"https:\/\/jeromebarets.fr\/index.php\/contact\/#primaryimage\",\"url\":\"https:\/\/jeromebarets.fr\/wp-content\/uploads\/2020\/04\/moi.jpg\",\"contentUrl\":\"https:\/\/jeromebarets.fr\/wp-content\/uploads\/2020\/04\/moi.jpg\",\"width\":960,\"height\":960},{\"@type\":\"BreadcrumbList\",\"@id\":\"https:\/\/jeromebarets.fr\/index.php\/contact\/#breadcrumb\",\"itemListElement\":[{\"@type\":\"ListItem\",\"position\":1,\"name\":\"Accueil\",\"item\":\"https:\/\/jeromebarets.fr\/\"},{\"@type\":\"ListItem\",\"position\":2,\"name\":\"Contact\"}]},{\"@type\":\"WebSite\",\"@id\":\"https:\/\/jeromebarets.fr\/#website\",\"url\":\"https:\/\/jeromebarets.fr\/\",\"name\":\"Site Photos\",\"description\":\"Photographe @ J\u00e9r\u00f4me Barets\",\"potentialAction\":[{\"@type\":\"SearchAction\",\"target\":{\"@type\":\"EntryPoint\",\"urlTemplate\":\"https:\/\/jeromebarets.fr\/?s={search_term_string}\"},\"query-input\":{\"@type\":\"PropertyValueSpecification\",\"valueRequired\":true,\"valueName\":\"search_term_string\"}}],\"inLanguage\":\"fr-FR\"}]}<\/script>\n<!-- \/ Yoast SEO plugin. -->","yoast_head_json":{"title":"Contact - Site Photos","robots":{"index":"index","follow":"follow","max-snippet":"max-snippet:-1","max-image-preview":"max-image-preview:large","max-video-preview":"max-video-preview:-1"},"canonical":"https:\/\/jeromebarets.fr\/index.php\/contact\/","og_locale":"fr_FR","og_type":"article","og_title":"Contact - Site Photos","og_description":"Contact Vous pouvez m&rsquo;envoyer vos id\u00e9es Envoyez moi un message \/ Send me a message! J&rsquo;habite en r\u00e9gion parisienne depuis toujours. Je me suis lanc\u00e9 dans la photo num\u00e9rique en 2009. Je d\u00e9velopperai cette page si besoins. Paris Press &#8211; pas de flash Faire une demande par email jbarets@free.fr","og_url":"https:\/\/jeromebarets.fr\/index.php\/contact\/","og_site_name":"Site Photos","article_modified_time":"2020-04-15T17:43:13+00:00","og_image":[{"width":960,"height":960,"url":"https:\/\/jeromebarets.fr\/wp-content\/uploads\/2020\/04\/moi.jpg","type":"image\/jpeg"}],"twitter_card":"summary_large_image","schema":{"@context":"https:\/\/schema.org","@graph":[{"@type":"WebPage","@id":"https:\/\/jeromebarets.fr\/index.php\/contact\/","url":"https:\/\/jeromebarets.fr\/index.php\/contact\/","name":"Contact - Site Photos","isPartOf":{"@id":"https:\/\/jeromebarets.fr\/#website"},"primaryImageOfPage":{"@id":"https:\/\/jeromebarets.fr\/index.php\/contact\/#primaryimage"},"image":{"@id":"https:\/\/jeromebarets.fr\/index.php\/contact\/#primaryimage"},"thumbnailUrl":"https:\/\/jeromebarets.fr\/wp-content\/uploads\/2020\/04\/moi.jpg","datePublished":"2020-04-15T04:21:00+00:00","dateModified":"2020-04-15T17:43:13+00:00","breadcrumb":{"@id":"https:\/\/jeromebarets.fr\/index.php\/contact\/#breadcrumb"},"inLanguage":"fr-FR","potentialAction":[{"@type":"ReadAction","target":["https:\/\/jeromebarets.fr\/index.php\/contact\/"]}]},{"@type":"ImageObject","inLanguage":"fr-FR","@id":"https:\/\/jeromebarets.fr\/index.php\/contact\/#primaryimage","url":"https:\/\/jeromebarets.fr\/wp-content\/uploads\/2020\/04\/moi.jpg","contentUrl":"https:\/\/jeromebarets.fr\/wp-content\/uploads\/2020\/04\/moi.jpg","width":960,"height":960},{"@type":"BreadcrumbList","@id":"https:\/\/jeromebarets.fr\/index.php\/contact\/#breadcrumb","itemListElement":[{"@type":"ListItem","position":1,"name":"Accueil","item":"https:\/\/jeromebarets.fr\/"},{"@type":"ListItem","position":2,"name":"Contact"}]},{"@type":"WebSite","@id":"https:\/\/jeromebarets.fr\/#website","url":"https:\/\/jeromebarets.fr\/","name":"Site Photos","description":"Photographe @ J\u00e9r\u00f4me Barets","potentialAction":[{"@type":"SearchAction","target":{"@type":"EntryPoint","urlTemplate":"https:\/\/jeromebarets.fr\/?s={search_term_string}"},"query-input":{"@type":"PropertyValueSpecification","valueRequired":true,"valueName":"search_term_string"}}],"inLanguage":"fr-FR"}]}},"jetpack_sharing_enabled":true,"_links":{"self":[{"href":"https:\/\/jeromebarets.fr\/index.php\/wp-json\/wp\/v2\/pages\/10","targetHints":{"allow":["GET"]}}],"collection":[{"href":"https:\/\/jeromebarets.fr\/index.php\/wp-json\/wp\/v2\/pages"}],"about":[{"href":"https:\/\/jeromebarets.fr\/index.php\/wp-json\/wp\/v2\/types\/page"}],"author":[{"embeddable":true,"href":"https:\/\/jeromebarets.fr\/index.php\/wp-json\/wp\/v2\/users\/1"}],"replies":[{"embeddable":true,"href":"https:\/\/jeromebarets.fr\/index.php\/wp-json\/wp\/v2\/comments?post=10"}],"version-history":[{"count":9,"href":"https:\/\/jeromebarets.fr\/index.php\/wp-json\/wp\/v2\/pages\/10\/revisions"}],"predecessor-version":[{"id":623,"href":"https:\/\/jeromebarets.fr\/index.php\/wp-json\/wp\/v2\/pages\/10\/revisions\/623"}],"wp:featuredmedia":[{"embeddable":true,"href":"https:\/\/jeromebarets.fr\/index.php\/wp-json\/wp\/v2\/media\/97"}],"wp:attachment":[{"href":"https:\/\/jeromebarets.fr\/index.php\/wp-json\/wp\/v2\/media?parent=10"}],"curies":[{"name":"wp","href":"https:\/\/api.w.org\/{rel}","templated":true}]}}